{"id":96,"date":"2026-05-04T17:47:00","date_gmt":"2026-05-04T15:47:00","guid":{"rendered":"https:\/\/kinkyporn.dk\/?page_id=96"},"modified":"2026-05-04T17:47:00","modified_gmt":"2026-05-04T15:47:00","slug":"profil","status":"publish","type":"page","link":"https:\/\/kinkyporn.dk\/index.php\/profil\/","title":{"rendered":"Profil"},"content":{"rendered":"\n<div class=\"wp-block-columns is-layout-flex wp-container-core-columns-is-layout-9d6595d7 wp-block-columns-is-layout-flex\">\n<div class=\"wp-block-column is-layout-flow wp-block-column-is-layout-flow\" style=\"flex-basis:66.66%\">\n<figure class=\"wp-block-image size-large\"><img decoding=\"async\" width=\"576\" height=\"1024\" src=\"https:\/\/kinkyporn.dk\/wp-content\/uploads\/2026\/05\/IMG_20260429_122339053_HDR_PORTRAIT-1-576x1024.jpg\" alt=\"\" class=\"wp-image-97\" style=\"aspect-ratio:3\/4;object-fit:cover\" srcset=\"https:\/\/kinkyporn.dk\/wp-content\/uploads\/2026\/05\/IMG_20260429_122339053_HDR_PORTRAIT-1-576x1024.jpg 576w, https:\/\/kinkyporn.dk\/wp-content\/uploads\/2026\/05\/IMG_20260429_122339053_HDR_PORTRAIT-1-169x300.jpg 169w, https:\/\/kinkyporn.dk\/wp-content\/uploads\/2026\/05\/IMG_20260429_122339053_HDR_PORTRAIT-1-768x1365.jpg 768w, https:\/\/kinkyporn.dk\/wp-content\/uploads\/2026\/05\/IMG_20260429_122339053_HDR_PORTRAIT-1-864x1536.jpg 864w, https:\/\/kinkyporn.dk\/wp-content\/uploads\/2026\/05\/IMG_20260429_122339053_HDR_PORTRAIT-1-1152x2048.jpg 1152w, https:\/\/kinkyporn.dk\/wp-content\/uploads\/2026\/05\/IMG_20260429_122339053_HDR_PORTRAIT-1-scaled.jpg 1440w\" sizes=\"(max-width: 576px) 100vw, 576px\" \/><\/figure>\n<\/div>\n\n\n\n<div class=\"wp-block-column is-layout-flow wp-block-column-is-layout-flow\" style=\"flex-basis:33.33%\">\n<p class=\"has-text-align-center\"><strong><mark style=\"background-color:rgba(0, 0, 0, 0)\" class=\"has-inline-color has-vivid-red-color\">Sissy Nyx<\/mark><\/strong><\/p>\n\n\n\n<p>Velkommen til min profil <\/p>\n\n\n\n<p>Jeg hedder Nyx, er 44\u00e5r og har v\u00e6ret pornomodel i 1 \u00e5r.<\/p>\n\n\n\n<p>Jeg elsker at lave porno og i det hele taget besk\u00e6ftige mig med sex. Jeg t\u00e6nder samtidig p\u00e5 at vise mig og lege kinky foran kameraet<br>Jeg kan godt li at g\u00f8re mig selv til et sexobejekt og mit m\u00e5l er at f\u00e5 s\u00e5 mange m\u00e6nd til at sperme til mine film<\/p>\n\n\n\n<p>Jeg har nydt alle porno oplevelserne og gl\u00e6der mig til mange flere der kommer <\/p>\n<\/div>\n<\/div>\n","protected":false},"excerpt":{"rendered":"<p>Sissy Nyx Velkommen til min profil Jeg hedder Nyx, er 44\u00e5r og har v\u00e6ret pornomodel i 1 \u00e5r. Jeg elsker at lave porno og i det hele taget besk\u00e6ftige mig med sex. Jeg t\u00e6nder samtidig p\u00e5 at vise mig og&#8230; <\/p>\n","protected":false},"author":1,"featured_media":0,"parent":0,"menu_order":0,"comment_status":"closed","ping_status":"closed","template":"","meta":{"footnotes":""},"class_list":["post-96","page","type-page","status-publish","hentry"],"_links":{"self":[{"href":"https:\/\/kinkyporn.dk\/index.php\/wp-json\/wp\/v2\/pages\/96","targetHints":{"allow":["GET"]}}],"collection":[{"href":"https:\/\/kinkyporn.dk\/index.php\/wp-json\/wp\/v2\/pages"}],"about":[{"href":"https:\/\/kinkyporn.dk\/index.php\/wp-json\/wp\/v2\/types\/page"}],"author":[{"embeddable":true,"href":"https:\/\/kinkyporn.dk\/index.php\/wp-json\/wp\/v2\/users\/1"}],"replies":[{"embeddable":true,"href":"https:\/\/kinkyporn.dk\/index.php\/wp-json\/wp\/v2\/comments?post=96"}],"version-history":[{"count":1,"href":"https:\/\/kinkyporn.dk\/index.php\/wp-json\/wp\/v2\/pages\/96\/revisions"}],"predecessor-version":[{"id":98,"href":"https:\/\/kinkyporn.dk\/index.php\/wp-json\/wp\/v2\/pages\/96\/revisions\/98"}],"wp:attachment":[{"href":"https:\/\/kinkyporn.dk\/index.php\/wp-json\/wp\/v2\/media?parent=96"}],"curies":[{"name":"wp","href":"https:\/\/api.w.org\/{rel}","templated":true}]}}